{"id":7,"date":"2021-10-25T10:18:49","date_gmt":"2021-10-25T10:18:49","guid":{"rendered":"http:\/\/tucereal.com\/vetc\/home\/"},"modified":"2021-11-14T22:55:20","modified_gmt":"2021-11-14T22:55:20","slug":"testimonios","status":"publish","type":"page","link":"https:\/\/tucereal.com\/vetc\/testimonios\/","title":{"rendered":"Testimonios"},"content":{"rendered":"<div data-colibri-id=\"7-c1\" class=\"style-844 style-local-7-c1 position-relative\">\n  <!---->\n  <div data-colibri-component=\"section\" data-colibri-id=\"7-c2\" id=\"custom-3\" class=\"h-section h-section-global-spacing d-flex align-items-lg-center align-items-md-center align-items-center style-1519 style-local-7-c2 position-relative\">\n    <!---->\n    <!---->\n    <div class=\"h-section-grid-container h-section-boxed-container\">\n      <!---->\n      <div data-colibri-id=\"7-c3\" class=\"h-row-container gutters-row-lg-2 gutters-row-md-2 gutters-row-0 gutters-row-v-lg-2 gutters-row-v-md-2 gutters-row-v-2 style-1520 style-local-7-c3 position-relative\">\n        <!---->\n        <div class=\"h-row justify-content-lg-center justify-content-md-center justify-content-center align-items-lg-stretch align-items-md-stretch align-items-stretch gutters-col-lg-2 gutters-col-md-2 gutters-col-0 gutters-col-v-lg-2 gutters-col-v-md-2 gutters-col-v-2\">\n          <!---->\n          <div class=\"h-column h-column-container d-flex h-col-lg-auto h-col-md-auto h-col-auto style-1521-outer style-local-7-c4-outer\">\n            <div data-colibri-id=\"7-c4\" class=\"d-flex h-flex-basis h-column__inner h-ui-empty-state-container h-px-lg-2 h-px-md-2 h-px-2 v-inner-lg-2 v-inner-md-2 v-inner-2 style-1521 style-local-7-c4 position-relative\">\n              <!---->\n              <!---->\n              <div class=\"w-100 h-y-container h-column__content h-column__v-align flex-basis-100\">\n                <!---->\n              <\/div>\n            <\/div>\n          <\/div>\n        <\/div>\n      <\/div>\n    <\/div>\n  <\/div>\n  <div data-colibri-component=\"section\" data-colibri-id=\"7-c5\" id=\"testimonials\" class=\"h-section h-section-global-spacing d-flex align-items-lg-center align-items-md-center align-items-center style-1419 style-local-7-c5 position-relative\">\n    <!---->\n    <!---->\n    <div class=\"h-section-grid-container h-section-boxed-container\">\n      <div data-colibri-id=\"7-c22\" class=\"h-row-container gutters-row-lg-2 gutters-row-md-2 gutters-row-2 gutters-row-v-lg-2 gutters-row-v-md-2 gutters-row-v-2 style-1427 style-local-7-c22 position-relative\">\n        <!---->\n        <div class=\"h-row justify-content-lg-center justify-content-md-center justify-content-center align-items-lg-stretch align-items-md-stretch align-items-stretch gutters-col-lg-2 gutters-col-md-2 gutters-col-2 gutters-col-v-lg-2 gutters-col-v-md-2 gutters-col-v-2\">\n          <!---->\n          <div class=\"h-column h-column-container d-flex h-col-lg-auto h-col-md-auto h-col-auto style-1428-outer style-local-7-c23-outer\">\n            <div data-colibri-id=\"7-c23\" class=\"d-flex h-flex-basis h-column__inner h-px-lg-2 h-px-md-2 h-px-2 v-inner-lg-2 v-inner-md-2 v-inner-2 style-1428 style-local-7-c23 position-relative\">\n              <!---->\n              <!---->\n              <div class=\"w-100 h-y-container h-column__content h-column__v-align flex-basis-100 align-self-lg-start align-self-md-start align-self-start\">\n                <!---->\n                <div data-colibri-id=\"7-c24\" class=\"h-global-transition-all h-heading style-1429 style-local-7-c24 position-relative h-element\">\n                  <!---->\n                  <div class=\"h-heading__outer style-1429 style-local-7-c24\">\n                    <!---->\n                    <!---->\n                    <h2 class=\"\">Testimonios<\/h2>\n                  <\/div>\n                <\/div>\n                <div data-colibri-id=\"7-c25\" class=\"h-lead h-text h-text-component style-1430 style-local-7-c25 position-relative h-element\">\n                  <!---->\n                  <!---->\n                  <div class=\"\">\n                    <p>Algunos de nuestros clientes satisfechos<\/p>\n                  <\/div>\n                <\/div>\n              <\/div>\n            <\/div>\n          <\/div>\n        <\/div>\n      <\/div>\n      <div data-colibri-id=\"7-c6\" class=\"h-row-container gutters-row-lg-2 gutters-row-md-2 gutters-row-2 gutters-row-v-lg-2 gutters-row-v-md-2 gutters-row-v-2 style-1420 style-local-7-c6 position-relative\">\n        <!---->\n        <div class=\"h-row justify-content-lg-center justify-content-md-center justify-content-center align-items-lg-stretch align-items-md-stretch align-items-stretch gutters-col-lg-2 gutters-col-md-2 gutters-col-2 gutters-col-v-lg-2 gutters-col-v-md-2 gutters-col-v-2\">\n          <!---->\n          <div class=\"h-column h-column-container d-flex h-col-lg-4 h-col-md-6 h-col-12 style-1421-outer style-local-7-c7-outer\">\n            <div data-colibri-id=\"7-c7\" class=\"d-flex h-flex-basis h-column__inner h-px-lg-2 h-px-md-2 h-px-2 v-inner-lg-2 v-inner-md-2 v-inner-2 style-1421 style-local-7-c7 position-relative\">\n              <!---->\n              <!---->\n              <div class=\"w-100 h-y-container h-column__content h-column__v-align flex-basis-100 align-self-lg-start align-self-md-start align-self-start\">\n                <!---->\n                <div data-colibri-id=\"7-c8\" class=\"d-block style-1470 style-local-7-c8 position-relative h-element\">\n                  <!---->\n                  <div class=\"h-image__frame-container-outer\">\n                    <div class=\"h-image__frame-container\">\n                      <!---->\n                      <!---->\n                      <img decoding=\"async\" src=\"http:\/\/tucereal.com\/vetc\/wp-content\/uploads\/2021\/11\/cropped-cropped-Mesa-de-trabajo-16-100-150x150.jpg\" class=\"style-1470-image style-local-7-c8-image\">\n                      <div class=\"h-image__frame h-hide-lg h-hide-md h-hide-sm style-1470-frameImage style-local-7-c8-frameImage\"><\/div>\n                    <\/div>\n                  <\/div>\n                <\/div>\n                <div data-colibri-id=\"7-c9\" class=\"h-global-transition-all h-heading style-1425 style-local-7-c9 position-relative h-element\">\n                  <!---->\n                  <div class=\"h-heading__outer style-1425 style-local-7-c9\">\n                    <!---->\n                    <!---->\n                    <h5 class=\"\">Isa\u00edas Orellana. Guatire<\/h5>\n                  <\/div>\n                <\/div>\n                <div data-colibri-id=\"7-c10\" class=\"h-text h-text-component style-1426 style-local-7-c10 position-relative h-element\">\n                  <!---->\n                  <!---->\n                  <div class=\"\">\n                    <p>Tu Cereal<\/p>\n                  <\/div>\n                <\/div>\n                <div data-colibri-id=\"7-c11\" class=\"h-text h-text-component style-1423 style-local-7-c11 position-relative h-element\">\n                  <!---->\n                  <!---->\n                  <div class=\"\">\n                    <p> Los cereales de Tu Cereal son mis preferidos&#8230; son los mejores. con o sin leche<\/p>\n                  <\/div>\n                <\/div>\n              <\/div>\n            <\/div>\n          <\/div>\n          <div class=\"h-column h-column-container d-flex h-col-lg-4 h-col-md-6 h-col-12 style-1421-outer style-local-7-c12-outer\">\n            <div data-colibri-id=\"7-c12\" class=\"d-flex h-flex-basis h-column__inner h-px-lg-2 h-px-md-2 h-px-2 v-inner-lg-2 v-inner-md-2 v-inner-2 style-1421 style-local-7-c12 position-relative\">\n              <!---->\n              <!---->\n              <div class=\"w-100 h-y-container h-column__content h-column__v-align flex-basis-100 align-self-lg-start align-self-md-start align-self-start\">\n                <!---->\n                <div data-colibri-id=\"7-c13\" class=\"d-block style-1424 style-local-7-c13 position-relative h-element\">\n                  <!---->\n                  <div class=\"h-image__frame-container-outer\">\n                    <div class=\"h-image__frame-container\">\n                      <!---->\n                      <!---->\n                      <img decoding=\"async\" src=\"http:\/\/tucereal.com\/vetc\/wp-content\/uploads\/2021\/11\/cropped-cropped-cropped-Mesa-de-trabajo-16-100-150x150.jpg\" class=\"style-1424-image style-local-7-c13-image\">\n                      <div class=\"h-image__frame h-hide-lg h-hide-md h-hide-sm style-1424-frameImage style-local-7-c13-frameImage\"><\/div>\n                    <\/div>\n                  <\/div>\n                <\/div>\n                <div data-colibri-id=\"7-c14\" class=\"h-global-transition-all h-heading style-1425 style-local-7-c14 position-relative h-element\">\n                  <!---->\n                  <div class=\"h-heading__outer style-1425 style-local-7-c14\">\n                    <!---->\n                    <!---->\n                    <h5 class=\"\">An\u00f3nimo. Barquisimeto<\/h5>\n                  <\/div>\n                <\/div>\n                <div data-colibri-id=\"7-c15\" class=\"h-text h-text-component style-1426 style-local-7-c15 position-relative h-element\">\n                  <!---->\n                  <!---->\n                  <div class=\"\">\n                    <p>Tu Cereal&nbsp;<\/p>\n                  <\/div>\n                <\/div>\n                <div data-colibri-id=\"7-c16\" class=\"h-text h-text-component style-1423 style-local-7-c16 position-relative h-element\">\n                  <!---->\n                  <!---->\n                  <div class=\"\">\n                    <p>Los felicito por seguir apostando a este hermoso pa\u00eds produciendo ricos y variados cereales, me gustar\u00eda poder encontrarlos en todos los supermercados &#8230;<\/p>\n                  <\/div>\n                <\/div>\n              <\/div>\n            <\/div>\n          <\/div>\n          <div class=\"h-column h-column-container d-flex h-col-lg-4 h-col-md-6 h-col-12 style-1421-outer style-local-7-c17-outer\">\n            <div data-colibri-id=\"7-c17\" class=\"d-flex h-flex-basis h-column__inner h-px-lg-2 h-px-md-2 h-px-2 v-inner-lg-2 v-inner-md-2 v-inner-2 style-1421 style-local-7-c17 position-relative\">\n              <!---->\n              <!---->\n              <div class=\"w-100 h-y-container h-column__content h-column__v-align flex-basis-100 align-self-lg-start align-self-md-start align-self-start\">\n                <!---->\n                <div data-colibri-id=\"7-c18\" class=\"d-block style-1424 style-local-7-c18 position-relative h-element\">\n                  <!---->\n                  <div class=\"h-image__frame-container-outer\">\n                    <div class=\"h-image__frame-container\">\n                      <!---->\n                      <!---->\n                      <img decoding=\"async\" src=\"http:\/\/tucereal.com\/vetc\/wp-content\/uploads\/2021\/11\/cropped-cropped-cropped-cropped-Mesa-de-trabajo-16-100-150x150.jpg\" class=\"style-1424-image style-local-7-c18-image\">\n                      <div class=\"h-image__frame h-hide-lg h-hide-md h-hide-sm style-1424-frameImage style-local-7-c18-frameImage\"><\/div>\n                    <\/div>\n                  <\/div>\n                <\/div>\n                <div data-colibri-id=\"7-c19\" class=\"h-global-transition-all h-heading style-1425 style-local-7-c19 position-relative h-element\">\n                  <!---->\n                  <div class=\"h-heading__outer style-1425 style-local-7-c19\">\n                    <!---->\n                    <!---->\n                    <h5 class=\"\">An\u00f3nimo. Caracas<\/h5>\n                  <\/div>\n                <\/div>\n                <div data-colibri-id=\"7-c20\" class=\"h-text h-text-component style-1426 style-local-7-c20 position-relative h-element\">\n                  <!---->\n                  <!---->\n                  <div class=\"\">\n                    <p>Mega Bol<\/p>\n                  <\/div>\n                <\/div>\n                <div data-colibri-id=\"7-c21\" class=\"h-text h-text-component style-1423 style-local-7-c21 position-relative h-element\">\n                  <!---->\n                  <!---->\n                  <div class=\"\">\n                    <p> Es un cereal muy rico, en forma de bolitas, con sabor a chocolate que gusta a toda la familia y si lo combinas con leche, complementa un nutritivo desayuno, merienda o cena<\/p>\n                  <\/div>\n                <\/div>\n              <\/div>\n            <\/div>\n          <\/div>\n        <\/div>\n      <\/div>\n    <\/div>\n  <\/div>\n  <div data-colibri-component=\"section\" data-colibri-id=\"7-c26\" id=\"custom\" class=\"h-section h-section-global-spacing d-flex align-items-lg-start align-items-md-start align-items-start style-858 style-local-7-c26 position-relative\">\n    <!---->\n    <!---->\n    <div class=\"h-section-grid-container h-section-boxed-container\">\n      <!---->\n      <div data-colibri-id=\"7-c27\" class=\"h-row-container gutters-row-lg-2 gutters-row-md-2 gutters-row-0 gutters-row-v-lg-2 gutters-row-v-md-2 gutters-row-v-2 style-870 style-local-7-c27 position-relative\">\n        <!---->\n        <div class=\"h-row justify-content-lg-center justify-content-md-center justify-content-center align-items-lg-stretch align-items-md-stretch align-items-stretch gutters-col-lg-2 gutters-col-md-2 gutters-col-0 gutters-col-v-lg-2 gutters-col-v-md-2 gutters-col-v-2\">\n          <!---->\n          <div class=\"h-column h-column-container d-flex h-col-lg-auto h-col-md-auto h-col-auto style-871-outer style-local-7-c28-outer\">\n            <div data-colibri-id=\"7-c28\" class=\"d-flex h-flex-basis h-column__inner h-px-lg-2 h-px-md-2 h-px-2 v-inner-lg-2 v-inner-md-2 v-inner-2 style-871 style-local-7-c28 position-relative\">\n              <!---->\n              <!---->\n              <div class=\"w-100 h-y-container h-column__content h-column__v-align flex-basis-100 align-self-lg-start align-self-md-start align-self-start\">\n                <!---->\n                <div data-colibri-id=\"7-c29\" class=\"h-text h-text-component style-1518 style-local-7-c29 position-relative h-element\">\n                  <!---->\n                  <!---->\n                  <div class=\"\">\n                    <p>\n                      <br>\n                    <\/p>\n                    <p>&nbsp;<\/p>\n                  <\/div>\n                <\/div>\n                <div data-colibri-id=\"7-c30\" class=\"h-global-transition-all h-heading style-872 style-local-7-c30 position-relative h-element\">\n                  <!---->\n                  <div class=\"h-heading__outer style-872 style-local-7-c30\">\n                    <!---->\n                    <!---->\n                    <h3 class=\"\">Testimonio destacado<\/h3>\n                  <\/div>\n                <\/div>\n              <\/div>\n            <\/div>\n          <\/div>\n        <\/div>\n      <\/div>\n      <div data-colibri-id=\"7-c31\" class=\"h-row-container gutters-row-lg-2 gutters-row-md-2 gutters-row-0 gutters-row-v-lg-2 gutters-row-v-md-2 gutters-row-v-2 style-859 style-local-7-c31 position-relative\">\n        <!---->\n        <div class=\"h-row justify-content-lg-center justify-content-md-center justify-content-center align-items-lg-stretch align-items-md-stretch align-items-stretch gutters-col-lg-2 gutters-col-md-2 gutters-col-0 gutters-col-v-lg-2 gutters-col-v-md-2 gutters-col-v-2\">\n          <!---->\n          <div class=\"h-column h-column-container d-flex h-col-lg-auto h-col-md-auto h-col-auto style-862-outer style-local-7-c32-outer\">\n            <div data-colibri-id=\"7-c32\" class=\"d-flex h-flex-basis h-column__inner h-px-lg-2 h-px-md-2 h-px-2 v-inner-lg-2 v-inner-md-2 v-inner-2 style-862 style-local-7-c32 position-relative\">\n              <!---->\n              <!---->\n              <div class=\"w-100 h-y-container h-column__content h-column__v-align flex-basis-100 align-self-lg-start align-self-md-start align-self-start\">\n                <!---->\n                <div data-colibri-id=\"7-c33\" class=\"d-block style-1424 style-local-7-c33 position-relative h-element\">\n                  <!---->\n                  <div class=\"h-image__frame-container-outer\">\n                    <div class=\"h-image__frame-container\">\n                      <!---->\n                      <!---->\n                      <img decoding=\"async\" src=\"http:\/\/tucereal.com\/vetc\/wp-content\/uploads\/2021\/11\/cropped-Mesa-de-trabajo-16-100-150x150.jpg\" class=\"style-1424-image style-local-7-c33-image\">\n                      <div class=\"h-image__frame h-hide-lg h-hide-md h-hide-sm style-1424-frameImage style-local-7-c33-frameImage\"><\/div>\n                    <\/div>\n                  <\/div>\n                <\/div>\n                <div data-colibri-id=\"7-c34\" class=\"h-global-transition-all h-heading style-1469 style-local-7-c34 position-relative h-element\">\n                  <!---->\n                  <div class=\"h-heading__outer style-1469 style-local-7-c34\">\n                    <!---->\n                    <!---->\n                    <h5 class=\"\">Cliente An\u00f3nimo. Caracas<\/h5>\n                  <\/div>\n                <\/div>\n                <div data-colibri-id=\"7-c35\" class=\"h-text h-text-component style-1468 style-local-7-c35 position-relative h-element\">\n                  <!---->\n                  <!---->\n                  <div class=\"\">\n                    <p>Mega Aros Miel<\/p>\n                  <\/div>\n                <\/div>\n                <div data-colibri-id=\"7-c36\" class=\"h-lead h-text h-text-component style-865 style-local-7-c36 position-relative h-element\">\n                  <!---->\n                  <!---->\n                  <div class=\"\">\n                    <p>Un cordial saludo tengan todos. No solamente se puede escribir para criticar, en ocasiones es bueno vanagloriar a todos los que hacemos que este pa\u00eds avance.<\/p>\n                    <p>Soy m\u00e9dico de profesi\u00f3n, me especializo en la parte de Radiolog\u00eda pero bueno ese no es el caso, mis pocas letras son de agradecimiento y felicitaciones para ese gran colectivo que hace posible que la producci\u00f3n nacional llegue hasta\n                      nuestras manos.<\/p>\n                    <p>El sentido de mis letras es en agradecimiento a la labor y a los buenos productos que desarrollan.<\/p>\n                    <p>Tengo un peque\u00f1o de apenas 2 a\u00f1itos el cual adoro desde lo m\u00e1s profundo de mi coraz\u00f3n, hace unos d\u00edas comenz\u00f3 con una dolencia la cual nos desesperaba mucho.<\/p>\n                    <p>Comenz\u00f3 a tener un prolapso rectal ( Enfermedad del colon el cual sale al exterior y provoca mucho dolor) imag\u00ednense a los 2 a\u00f1os el sufrimiento de mi peque\u00f1o.<\/p>\n                    <p>Prob\u00e9 muchas dietas medicamentos y muchas variables pero solo hacia empeorar.<\/p>\n                    <p>Vi el cereal que producen y decid\u00ed consultar con un colega gastroenter\u00f3logo si pod\u00eda darle a mi peque\u00f1o ya que la dieta que antes les mencion\u00e9 no surti\u00f3 nada de efectos.<\/p>\n                    <p>Compre el cereal a base de miel. No saben lo agradecido que estoy de ustedes. Luego de varios d\u00edas de sufrimiento ya mi bebito hace sus necesidades correctamente y no ha presentado m\u00e1s ese problema.<\/p>\n                    <p>Muchas gracias por existir. Gracias por contribuir a que mi beb\u00e9 se sanar\u00e1. Los felicito y me despido sin antes decirles DIOS LOS BENDIGA\u2026&nbsp; <\/p>\n                  <\/div>\n                <\/div>\n              <\/div>\n            <\/div>\n          <\/div>\n        <\/div>\n      <\/div>\n    <\/div>\n  <\/div>\n  <div data-colibri-component=\"section\" data-colibri-id=\"7-c37\" id=\"custom-2\" class=\"h-section h-section-global-spacing d-flex align-items-lg-center align-items-md-center align-items-center style-1515 style-local-7-c37 position-relative\">\n    <!---->\n    <!---->\n    <div class=\"h-section-grid-container h-section-boxed-container\">\n      <!---->\n      <div data-colibri-id=\"7-c38\" class=\"h-row-container gutters-row-lg-2 gutters-row-md-2 gutters-row-0 gutters-row-v-lg-2 gutters-row-v-md-2 gutters-row-v-2 style-1516 style-local-7-c38 position-relative\">\n        <!---->\n        <div class=\"h-row justify-content-lg-center justify-content-md-center justify-content-center align-items-lg-stretch align-items-md-stretch align-items-stretch gutters-col-lg-2 gutters-col-md-2 gutters-col-0 gutters-col-v-lg-2 gutters-col-v-md-2 gutters-col-v-2\">\n          <!---->\n          <div class=\"h-column h-column-container d-flex h-col-lg-auto h-col-md-auto h-col-auto style-1517-outer style-local-7-c39-outer\">\n            <div data-colibri-id=\"7-c39\" class=\"d-flex h-flex-basis h-column__inner h-ui-empty-state-container h-px-lg-2 h-px-md-2 h-px-2 v-inner-lg-2 v-inner-md-2 v-inner-2 style-1517 style-local-7-c39 position-relative\">\n              <!---->\n              <!---->\n              <div class=\"w-100 h-y-container h-column__content h-column__v-align flex-basis-100\">\n                <!---->\n              <\/div>\n            <\/div>\n          <\/div>\n        <\/div>\n      <\/div>\n    <\/div>\n  <\/div>\n<\/div>","protected":false},"excerpt":{"rendered":"<p>Testimonios Algunos de nuestros clientes satisfechos Isa\u00edas Orellana. Guatire Tu Cereal Los cereales de Tu Cereal son mis preferidos&#8230; son los mejores. con o sin leche An\u00f3nimo. Barquisimeto Tu Cereal&nbsp; Los felicito por seguir apostando a este hermoso pa\u00eds produciendo ricos y variados cereales, me gustar\u00eda poder encontrarlos en todos los supermercados &#8230; An\u00f3nimo. Caracas [&hellip;]<\/p>\n","protected":false},"author":1,"featured_media":0,"parent":0,"menu_order":0,"comment_status":"closed","ping_status":"closed","template":"page-templates\/full-width-page.php","meta":{"footnotes":""},"class_list":["post-7","page","type-page","status-publish","hentry"],"_links":{"self":[{"href":"https:\/\/tucereal.com\/vetc\/wp-json\/wp\/v2\/pages\/7","targetHints":{"allow":["GET"]}}],"collection":[{"href":"https:\/\/tucereal.com\/vetc\/wp-json\/wp\/v2\/pages"}],"about":[{"href":"https:\/\/tucereal.com\/vetc\/wp-json\/wp\/v2\/types\/page"}],"author":[{"embeddable":true,"href":"https:\/\/tucereal.com\/vetc\/wp-json\/wp\/v2\/users\/1"}],"replies":[{"embeddable":true,"href":"https:\/\/tucereal.com\/vetc\/wp-json\/wp\/v2\/comments?post=7"}],"version-history":[{"count":6,"href":"https:\/\/tucereal.com\/vetc\/wp-json\/wp\/v2\/pages\/7\/revisions"}],"predecessor-version":[{"id":1785,"href":"https:\/\/tucereal.com\/vetc\/wp-json\/wp\/v2\/pages\/7\/revisions\/1785"}],"wp:attachment":[{"href":"https:\/\/tucereal.com\/vetc\/wp-json\/wp\/v2\/media?parent=7"}],"curies":[{"name":"wp","href":"https:\/\/api.w.org\/{rel}","templated":true}]}}